{"id":2,"date":"2016-08-16T21:16:00","date_gmt":"2016-08-16T21:16:00","guid":{"rendered":"http:\/\/tvbuskerud.no\/\/?page_id=2"},"modified":"2016-08-20T09:43:26","modified_gmt":"2016-08-20T09:43:26","slug":"sample-page","status":"publish","type":"page","link":"http:\/\/tvbuskerud.no\/index.php\/sample-page\/","title":{"rendered":"Kontakt meg"},"content":{"rendered":"<p>Hvis du \u00f8nsker \u00e5 komme i kontakt med meg ansvarlig for dette nettstedet, kan du sende en e-post til <a href=\"mailto:racing@tvbuskerud.no\">racing@tvbuskerud.no<\/a><\/p>\n<p>Jeg vil svare s\u00e5 snart jeg kan.<\/p>\n","protected":false},"excerpt":{"rendered":"<p>Hvis du \u00f8nsker \u00e5 komme i kontakt med meg ansvarlig for dette nettstedet, kan du sende en e-post til racing@tvbuskerud.no Jeg vil svare s\u00e5 snart jeg kan.<\/p>\n","protected":false},"author":1,"featured_media":0,"parent":0,"menu_order":0,"comment_status":"closed","ping_status":"open","template":"","meta":[],"_links":{"self":[{"href":"http:\/\/tvbuskerud.no\/index.php\/wp-json\/wp\/v2\/pages\/2"}],"collection":[{"href":"http:\/\/tvbuskerud.no\/index.php\/wp-json\/wp\/v2\/pages"}],"about":[{"href":"http:\/\/tvbuskerud.no\/index.php\/wp-json\/wp\/v2\/types\/page"}],"author":[{"embeddable":true,"href":"http:\/\/tvbuskerud.no\/index.php\/wp-json\/wp\/v2\/users\/1"}],"replies":[{"embeddable":true,"href":"http:\/\/tvbuskerud.no\/index.php\/wp-json\/wp\/v2\/comments?post=2"}],"version-history":[{"count":2,"href":"http:\/\/tvbuskerud.no\/index.php\/wp-json\/wp\/v2\/pages\/2\/revisions"}],"predecessor-version":[{"id":14,"href":"http:\/\/tvbuskerud.no\/index.php\/wp-json\/wp\/v2\/pages\/2\/revisions\/14"}],"wp:attachment":[{"href":"http:\/\/tvbuskerud.no\/index.php\/wp-json\/wp\/v2\/media?parent=2"}],"curies":[{"name":"wp","href":"https:\/\/api.w.org\/{rel}","templated":true}]}}